{"id":7,"date":"2024-02-24T14:06:25","date_gmt":"2024-02-24T13:06:25","guid":{"rendered":"http:\/\/benilexabogados.es\/?page_id=7"},"modified":"2024-02-25T16:52:46","modified_gmt":"2024-02-25T15:52:46","slug":"pagina-de-inicio","status":"publish","type":"page","link":"https:\/\/benilexabogados.es\/","title":{"rendered":"P\u00e1gina de inicio"},"content":{"rendered":"\n<div class=\"wp-block-cover alignfull is-light\" style=\"min-height:100vh;aspect-ratio:unset;\"><span aria-hidden=\"true\" class=\"wp-block-cover__background has-background-dim-20 has-background-dim\"><\/span><video class=\"wp-block-cover__video-background intrinsic-ignore\" autoplay muted loop playsinline src=\"http:\/\/demo.wpzoom.com\/inspiro-lite\/files\/2022\/03\/Pexels-Videos-1409899-1.mp4\" data-object-fit=\"cover\"><\/video><div class=\"wp-block-cover__inner-container has-global-padding is-layout-constrained wp-block-cover-is-layout-constrained\">\n<p class=\"has-text-align-center has-white-color has-text-color has-max-60-font-size\" style=\"font-style:normal;font-weight:900;line-height:1.2\"><strong>Soluciones reales a problemas complejos.<\/strong><\/p>\n\n\n\n<p class=\"has-text-align-center has-white-color has-text-color has-medium-font-size\">Estamos aqu\u00ed para simplificar el proceso y brindarte el apoyo y la orientaci\u00f3n que necesitas. Con un enfoque profesional y comprometido, te ayudamos a resolver tus problemas legales de manera efectiva y eficiente.<\/p>\n\n\n\n<div style=\"height:55px\" aria-hidden=\"true\" class=\"wp-block-spacer\"><\/div>\n\n\n\n<div class=\"wp-block-buttons is-content-justification-center is-layout-flex wp-container-core-buttons-is-layout-a89b3969 wp-block-buttons-is-layout-flex\">\n<div class=\"wp-block-button is-style-outline is-style-outline--1\"><a class=\"wp-block-button__link has-white-color has-text-color wp-element-button\" style=\"border-radius:0px\">Con\u00f3cenos <\/a><\/div>\n<\/div>\n<\/div><\/div>\n\n\n\n<div class=\"wp-block-group has-global-padding is-layout-constrained wp-block-group-is-layout-constrained\">\n<div style=\"height:57px\" aria-hidden=\"true\" class=\"wp-block-spacer\"><\/div>\n\n\n\n<h2 class=\"wp-block-heading has-text-align-center has-medium-font-size\" style=\"letter-spacing:1px\">CERCAN\u00cdA<\/h2>\n\n\n\n<p class=\"has-text-align-center\">Estar cerca cuando lo necesitas es nuestra prioridad, porque entendemos que cada situaci\u00f3n legal requiere atenci\u00f3n personalizada. Te brindamos el apoyo necesario en cada paso del proceso legal.<\/p>\n\n\n\n<div style=\"height:57px\" aria-hidden=\"true\" class=\"wp-block-spacer\"><\/div>\n<\/div>\n\n\n\n<div class=\"wp-block-cover alignfull is-light has-parallax is-position-center-center\" style=\"border-radius:0px;min-height:507px;aspect-ratio:unset;\"><span aria-hidden=\"true\" class=\"wp-block-cover__background has-black-background-color has-background-dim-40 has-background-dim\"><\/span><div role=\"img\" class=\"wp-block-cover__image-background wp-image-40 has-parallax\" style=\"background-position:50% 50%;background-image:url(https:\/\/benilexabogados.es\/wp-content\/uploads\/2024\/02\/pexels-pavel-danilyuk-8112195-scaled.jpg)\"><\/div><div class=\"wp-block-cover__inner-container is-layout-flow wp-block-cover-is-layout-flow\">\n<div class=\"wp-block-group has-global-padding is-layout-constrained wp-block-group-is-layout-constrained\">\n<h3 class=\"wp-block-heading has-text-align-center has-text-color has-medium-font-size\" style=\"color:#fffffa;text-transform:uppercase\">CONSULTA CON NOSOTROS TU CASO<\/h3>\n\n\n\n<p class=\"has-text-align-center has-white-color has-text-color\">Tenemos experiencia en distintas \u00e1reas del derecho. Mercantil, laboral, familia, administrativo, gastos de hipoteca.<\/p>\n\n\n\n<div style=\"height:31px\" aria-hidden=\"true\" class=\"wp-block-spacer\"><\/div>\n\n\n\n<div class=\"wp-block-buttons is-horizontal is-content-justification-center is-layout-flex wp-container-core-buttons-is-layout-03627597 wp-block-buttons-is-layout-flex\">\n<div class=\"wp-block-button is-style-outline is-style-outline--2\"><a class=\"wp-block-button__link has-white-color has-text-color wp-element-button\" href=\"#\" style=\"border-radius:0px\">CONTACTA CON NOSOTROS<\/a><\/div>\n<\/div>\n<\/div>\n<\/div><\/div>\n","protected":false},"excerpt":{"rendered":"<p>CERCAN\u00cdA Estar cerca cuando lo necesitas es nuestra prioridad, porque entendemos que cada situaci\u00f3n legal requiere atenci\u00f3n personalizada. Te brindamos el apoyo necesario en cada paso del proceso legal.<\/p>\n","protected":false},"author":1,"featured_media":0,"parent":0,"menu_order":0,"comment_status":"closed","ping_status":"closed","template":"page-templates\/homepage-no-hero.php","meta":{"footnotes":""},"class_list":["post-7","page","type-page","status-publish","hentry"],"_links":{"self":[{"href":"https:\/\/benilexabogados.es\/index.php?rest_route=\/wp\/v2\/pages\/7","targetHints":{"allow":["GET"]}}],"collection":[{"href":"https:\/\/benilexabogados.es\/index.php?rest_route=\/wp\/v2\/pages"}],"about":[{"href":"https:\/\/benilexabogados.es\/index.php?rest_route=\/wp\/v2\/types\/page"}],"author":[{"embeddable":true,"href":"https:\/\/benilexabogados.es\/index.php?rest_route=\/wp\/v2\/users\/1"}],"replies":[{"embeddable":true,"href":"https:\/\/benilexabogados.es\/index.php?rest_route=%2Fwp%2Fv2%2Fcomments&post=7"}],"version-history":[{"count":6,"href":"https:\/\/benilexabogados.es\/index.php?rest_route=\/wp\/v2\/pages\/7\/revisions"}],"predecessor-version":[{"id":47,"href":"https:\/\/benilexabogados.es\/index.php?rest_route=\/wp\/v2\/pages\/7\/revisions\/47"}],"wp:attachment":[{"href":"https:\/\/benilexabogados.es\/index.php?rest_route=%2Fwp%2Fv2%2Fmedia&parent=7"}],"curies":[{"name":"wp","href":"https:\/\/api.w.org\/{rel}","templated":true}]}}